{"id":1062,"date":"2024-05-17T13:21:20","date_gmt":"2024-05-17T11:21:20","guid":{"rendered":"https:\/\/chic-kles.com\/?page_id=1062"},"modified":"2024-10-07T18:51:24","modified_gmt":"2024-10-07T16:51:24","slug":"aviso-legal","status":"publish","type":"page","link":"https:\/\/chic-kles.com\/pt-pt\/aviso-legal\/","title":{"rendered":"Aviso Legal"},"content":{"rendered":"[vc_row type=&#8221;in_container&#8221; full_screen_row_position=&#8221;middle&#8221; column_margin=&#8221;default&#8221; column_direction=&#8221;default&#8221; column_direction_tablet=&#8221;default&#8221; column_direction_phone=&#8221;default&#8221; scene_position=&#8221;center&#8221; text_color=&#8221;dark&#8221; text_align=&#8221;left&#8221; row_border_radius=&#8221;none&#8221; row_border_radius_applies=&#8221;bg&#8221; overflow=&#8221;visible&#8221; overlay_strength=&#8221;0.3&#8243; gradient_direction=&#8221;left_to_right&#8221; shape_divider_position=&#8221;bottom&#8221; bg_image_animation=&#8221;none&#8221;][vc_column column_padding=&#8221;no-extra-padding&#8221; column_padding_tablet=&#8221;inherit&#8221; column_padding_phone=&#8221;inherit&#8221; column_padding_position=&#8221;all&#8221; column_element_direction_desktop=&#8221;default&#8221; column_element_spacing=&#8221;default&#8221; desktop_text_alignment=&#8221;default&#8221; tablet_text_alignment=&#8221;default&#8221; phone_text_alignment=&#8221;default&#8221; background_color_opacity=&#8221;1&#8243; background_hover_color_opacity=&#8221;1&#8243; column_backdrop_filter=&#8221;none&#8221; column_shadow=&#8221;none&#8221; column_border_radius=&#8221;none&#8221; column_link_target=&#8221;_self&#8221; column_position=&#8221;default&#8221; gradient_direction=&#8221;left_to_right&#8221; overlay_strength=&#8221;0.3&#8243; width=&#8221;1\/1&#8243; tablet_width_inherit=&#8221;default&#8221; animation_type=&#8221;default&#8221; bg_image_animation=&#8221;none&#8221; border_type=&#8221;simple&#8221; column_border_width=&#8221;none&#8221; column_border_style=&#8221;solid&#8221;][vc_column_text css=&#8221;&#8221; text_direction=&#8221;default&#8221;]\n<h1>Aviso Legal<\/h1>\n<p>A CHI-KLES GUM, com o NIPC B98129158, titular da p\u00e1gina web https:\/\/checksgum.com\/, inscrita no Registo Comercial de Val\u00eancia, Tomo 9024, Livro 6309 F\u00f3lio 101, folha V-133576, Inscri\u00e7\u00e3o 1\u00aa no cumprimento do disposto na Lei 34\/2002, de 11 de julho, dos Servicios de la Sociedad de la Informaci\u00f3n y de Comercio Electr\u00f3nico (LSSICE) e em conformidade com o disposto nas regulamenta\u00e7\u00f5es vigentes na prote\u00e7\u00e3o de dados pessoais, o Regulamento (UE) 2016\/679 de 27 de abril de 2016 (RGPD) e a Lei Org\u00e2nica da Prote\u00e7\u00e3o de Dados 3\/2018 de 5 de dezembro (LOPDGDD) apresenta os seguintes:<\/p>\n<h3>DADOS DE IDENTIFICA\u00c7\u00c3O<\/h3>\n<ul>\n<li>Sede social: Pol. Ind. el Oliveral, 6, 46394, Riba-Roja (Val\u00eancia), Espanha<\/li>\n<li>Telefone de contacto: (+34) 961 66 79 80.<\/li>\n<li>Correio eletr\u00f3nico: <a href=\"mailto:info@chic-kles.com\">info@chic-kles.com<\/a><\/li>\n<\/ul>\n<h3>CONDI\u00c7\u00d5ES E UTILIZA\u00c7\u00c3O DA P\u00c1GINA WEB<\/h3>\n<p>A presta\u00e7\u00e3o de servi\u00e7os pela CHIC-KLES GUM \u00e9 gratuita para todos os utilizadores e utilizadoras.<\/p>\n<p>Em geral, a presta\u00e7\u00e3o dos servi\u00e7os n\u00e3o exige subscri\u00e7\u00e3o pr\u00e9via ou registo por parte dos utilizadores e utilizadoras.<\/p>\n<p>Nos casos em que a presta\u00e7\u00e3o dos mesmos esteja condicionada \u00e0 realiza\u00e7\u00e3o pr\u00e9via do correspondente registo de utilizador\/a, este ser\u00e1 efetuado na forma expressamente indicada na pr\u00f3pria sec\u00e7\u00e3o do servi\u00e7o.<\/p>\n<p>O\/A utilizador\/a garante a autenticidade e veracidade dos dados comunicados atrav\u00e9s dos formul\u00e1rios para a subscri\u00e7\u00e3o dos servi\u00e7os. Ser\u00e1 da responsabilidade deste\/a manter toda a informa\u00e7\u00e3o fornecida permanentemente atualizada para que corresponda, sempre, \u00e0 sua situa\u00e7\u00e3o real. Em qualquer caso, o\/a utilizador\/a ser\u00e1 o\/a \u00fanico\/a respons\u00e1vel por quaisquer declara\u00e7\u00f5es falsas ou imprecisas feitas e pelos poss\u00edveis danos causados ao prestador ou a terceiros.<\/p>\n<h3>PROPRIEDADE INTELECTUAL E INDUSTRIAL<\/h3>\n<p>Os conte\u00fados de todo o tipo inclu\u00eddos na p\u00e1gina web <a href=\"https:\/\/www.chic-klesgum.com\/deliplus\">https:\/\/www.chic-klesgum.com\/deliplus<\/a>\/, incluindo, mas n\u00e3o se limitando, \u00e0s imagens, ilustra\u00e7\u00f5es, fotografias, textos, marcas, log\u00f3tipos ou desenhos s\u00e3o propriedade da CHIC-KLES GUM e\/ou de outros colaboradores leg\u00edtimos que concederam os correspondentes direitos de utiliza\u00e7\u00e3o. Qualquer utiliza\u00e7\u00e3o total ou parcial dos conte\u00fados do portal que consista na reprodu\u00e7\u00e3o, distribui\u00e7\u00e3o, comunica\u00e7\u00e3o p\u00fablica sob qualquer forma e por qualquer meio \u00e9 estritamente proibida, salvo autoriza\u00e7\u00e3o expressa e por escrito da CHIC-KLES GUM.<\/p>\n<h3>EXCLUS\u00c3O DE GARANTIAS E RESPONSABILIDADE<\/h3>\n<p>A CHIC-KLES GUM n\u00e3o \u00e9 respons\u00e1vel pela legalidade de outras p\u00e1ginas web de terceiros a partir dos quais o portal pode ser acedido, nem \u00e9 respons\u00e1vel pela legalidade de outras p\u00e1ginas web de terceiros que possam estar vinculadas ou ligadas a partir deste portal.<\/p>\n<p>Da mesma forma, n\u00e3o se responsabiliza pela utiliza\u00e7\u00e3o que terceiros possam fazer da informa\u00e7\u00e3o publicada no portal, nem por quaisquer danos de qualquer natureza que possam ocorrer devido \u00e0 utiliza\u00e7\u00e3o da referida informa\u00e7\u00e3o.<\/p>\n<p>A entidade reserva-se o direito de retirar todos os coment\u00e1rios e contribui\u00e7\u00f5es que violem o respeito pela dignidade da pessoa, que sejam discriminat\u00f3rios, xen\u00f3fobos, racistas, pornogr\u00e1ficos, que ataquem a juventude ou a inf\u00e2ncia, a ordem ou a seguran\u00e7a p\u00fablica ou que, na sua opini\u00e3o, n\u00e3o sejam adequados para publica\u00e7\u00e3o. Em qualquer caso, n\u00e3o ser\u00e1 respons\u00e1vel pelas opini\u00f5es expressas pelos\/as utilizadores\/as atrav\u00e9s de f\u00f3runs, <em>chats<\/em> ou outras ferramentas.<\/p>\n<p>O\/A utilizador\/a compromete-se a fazer uma utiliza\u00e7\u00e3o adequada dos conte\u00fados e servi\u00e7os que a entidade oferece atrav\u00e9s da sua p\u00e1gina web.<\/p>\n<h3>ALTERA\u00c7\u00c3O DOS CONTE\u00daDOS<\/h3>\n<p>A CHIC-KLES GUM reserva-se o direito de efetuar quaisquer altera\u00e7\u00f5es ou atualiza\u00e7\u00f5es no portal que considere adequadas, sem aviso pr\u00e9vio.<\/p>\n<h3><em>LINKS<\/em><\/h3>\n<p>No caso de, no portal, ficarem dispon\u00edveis <em>links<\/em> ou <em>hiperlinks<\/em> a outras p\u00e1ginas da Internet, a CHIC-KLES GUM n\u00e3o exercer\u00e1 qualquer tipo de controlo sobre essas p\u00e1ginas e conte\u00fados. A CHIC-KLES GUM n\u00e3o assumir\u00e1 qualquer responsabilidade pelos conte\u00fados de qualquer <em>link<\/em> pertencente a uma p\u00e1gina web de terceiros, nem garantir\u00e1 a disponibilidade t\u00e9cnica, a qualidade, a fiabilidade, a exatid\u00e3o, a exaustividade, a veracidade, a validade e a constitucionalidade de qualquer material ou informa\u00e7\u00e3o contida em nenhum desses <em>hiperlinks<\/em> ou noutras p\u00e1ginas da Internet.<\/p>\n<h3><em>COOKIES<\/em><\/h3>\n<p>A CHIC-KLES GUM utilizar\u00e1 <em>cookies<\/em> para que a p\u00e1gina web funcione corretamente. Se desejar mais informa\u00e7\u00f5es sobre o que \u00e9 um <em>cookie<\/em>, que tipo de <em>cookies<\/em> a p\u00e1gina web utiliza e para que finalidade, aceda \u00e0 nossa <a href=\"https:\/\/chic-kles.com\/pt-pt\/politica-de-cookies\/\">Pol\u00edtica de cookies<\/a>.<\/p>\n<h3>PROTE\u00c7\u00c3O DE DADOS<\/h3>\n<p>A entidade cumpre o disposto na Lei Org\u00e2nica 3\/2018, de 5 de dezembro, de Prote\u00e7\u00e3o de Dados Pessoais e garantia dos direitos digitais e no Regulamento (UE) 2016\/679 do Parlamento Europeu e do Conselho de 27 de abril de 2016 e demais regulamenta\u00e7\u00f5es vigentes, relacionados com o tratamento de dados pessoais do\/a utilizador\/a. Para mais informa\u00e7\u00f5es sobre como tratamos os seus dados pessoais, aceda \u00e0 nossa <a href=\"https:\/\/chic-kles.com\/pt-pt\/politica-de-privacidade\/\">Pol\u00edtica de Privacidade<\/a>.<\/p>\n<h3>MENORES:<\/h3>\n<p>Informamos que o portal dirige os seus servi\u00e7os a maiores de 18 anos.<\/p>\n<p>A responsabilidade pela determina\u00e7\u00e3o dos conte\u00fados espec\u00edficos a que os menores acedem cabe aos pais ou tutores legais.<\/p>\n<p>&nbsp;<\/p>\n<h3>ALTERA\u00c7\u00c3O DAS PRESENTES CONDI\u00c7\u00d5ES E DURA\u00c7\u00c3O<\/h3>\n<p>A CHIC-KLES GUM poder\u00e1 alterar as condi\u00e7\u00f5es constantes da p\u00e1gina web em qualquer momento.<\/p>\n<p>A validade das condi\u00e7\u00f5es mencionadas ser\u00e1 baseada na sua exposi\u00e7\u00e3o e estar\u00e3o em vigor at\u00e9 que sejam alteradas por outras.<\/p>\n<h3>LEGISLA\u00c7\u00c3O APLIC\u00c1VEL E JURISDI\u00c7\u00c3O<\/h3>\n<p>Para a resolu\u00e7\u00e3o de lit\u00edgios ou quest\u00f5es relacionadas com esta p\u00e1gina web que possam surgir entre a entidade e o\/a utilizador\/a, aplicar-se-\u00e1 a legisla\u00e7\u00e3o espanhola, \u00e0 qual as partes se submetem expressamente, sendo competentes para a resolu\u00e7\u00e3o de todos os lit\u00edgios decorrentes ou relacionados com a sua utiliza\u00e7\u00e3o, os Tribunais e \u00f3rg\u00e3os jurisdicionais de Val\u00eancia.[\/vc_column_text][\/vc_column][\/vc_row]\n","protected":false},"excerpt":{"rendered":"<p>[vc_row type=&#8221;in_container&#8221; full_screen_row_position=&#8221;middle&#8221; column_margin=&#8221;default&#8221; column_direction=&#8221;default&#8221; column_direction_tablet=&#8221;default&#8221; column_direction_phone=&#8221;default&#8221; scene_position=&#8221;center&#8221; text_color=&#8221;dark&#8221; text_align=&#8221;left&#8221; row_border_radius=&#8221;none&#8221; row_border_radius_applies=&#8221;bg&#8221; overflow=&#8221;visible&#8221; overlay_strength=&#8221;0.3&#8243; gradient_direction=&#8221;left_to_right&#8221; shape_divider_position=&#8221;bottom&#8221; bg_image_animation=&#8221;none&#8221;][vc_column column_padding=&#8221;no-extra-padding&#8221; column_padding_tablet=&#8221;inherit&#8221; column_padding_phone=&#8221;inherit&#8221; column_padding_position=&#8221;all&#8221; column_element_direction_desktop=&#8221;default&#8221; column_element_spacing=&#8221;default&#8221; desktop_text_alignment=&#8221;default&#8221; tablet_text_alignment=&#8221;default&#8221; phone_text_alignment=&#8221;default&#8221; background_color_opacity=&#8221;1&#8243; background_hover_color_opacity=&#8221;1&#8243; column_backdrop_filter=&#8221;none&#8221; column_shadow=&#8221;none&#8221;&#8230;<\/p>\n","protected":false},"author":3,"featured_media":0,"parent":0,"menu_order":0,"comment_status":"closed","ping_status":"closed","template":"","meta":{"footnotes":""},"class_list":["post-1062","page","type-page","status-publish"],"yoast_head":"<!-- This site is optimized with the Yoast SEO plugin v27.4 - https:\/\/yoast.com\/product\/yoast-seo-wordpress\/ -->\n<title>Aviso Legal - CHIC-KLES<\/title>\n<meta name=\"robots\" content=\"index, follow, max-snippet:-1, max-image-preview:large, max-video-preview:-1\" \/>\n<link rel=\"canonical\" href=\"https:\/\/chic-kles.com\/pt-pt\/aviso-legal\/\" \/>\n<meta property=\"og:locale\" content=\"pt_PT\" \/>\n<meta property=\"og:type\" content=\"article\" \/>\n<meta property=\"og:title\" content=\"Aviso Legal - CHIC-KLES\" \/>\n<meta property=\"og:description\" content=\"[vc_row type=&#8221;in_container&#8221; full_screen_row_position=&#8221;middle&#8221; column_margin=&#8221;default&#8221; column_direction=&#8221;default&#8221; column_direction_tablet=&#8221;default&#8221; column_direction_phone=&#8221;default&#8221; scene_position=&#8221;center&#8221; text_color=&#8221;dark&#8221; text_align=&#8221;left&#8221; row_border_radius=&#8221;none&#8221; row_border_radius_applies=&#8221;bg&#8221; overflow=&#8221;visible&#8221; overlay_strength=&#8221;0.3&#8243; gradient_direction=&#8221;left_to_right&#8221; shape_divider_position=&#8221;bottom&#8221; bg_image_animation=&#8221;none&#8221;][vc_column column_padding=&#8221;no-extra-padding&#8221; column_padding_tablet=&#8221;inherit&#8221; column_padding_phone=&#8221;inherit&#8221; column_padding_position=&#8221;all&#8221; column_element_direction_desktop=&#8221;default&#8221; column_element_spacing=&#8221;default&#8221; desktop_text_alignment=&#8221;default&#8221; tablet_text_alignment=&#8221;default&#8221; phone_text_alignment=&#8221;default&#8221; background_color_opacity=&#8221;1&#8243; background_hover_color_opacity=&#8221;1&#8243; column_backdrop_filter=&#8221;none&#8221; column_shadow=&#8221;none&#8221;...\" \/>\n<meta property=\"og:url\" content=\"https:\/\/chic-kles.com\/pt-pt\/aviso-legal\/\" \/>\n<meta property=\"og:site_name\" content=\"CHIC-KLES\" \/>\n<meta property=\"article:modified_time\" content=\"2024-10-07T16:51:24+00:00\" \/>\n<meta name=\"twitter:card\" content=\"summary_large_image\" \/>\n<meta name=\"twitter:label1\" content=\"Tempo estimado de leitura\" \/>\n\t<meta name=\"twitter:data1\" content=\"4 minutos\" \/>\n<script type=\"application\/ld+json\" class=\"yoast-schema-graph\">{\"@context\":\"https:\\\/\\\/schema.org\",\"@graph\":[{\"@type\":\"WebPage\",\"@id\":\"https:\\\/\\\/chic-kles.com\\\/pt-pt\\\/aviso-legal\\\/\",\"url\":\"https:\\\/\\\/chic-kles.com\\\/pt-pt\\\/aviso-legal\\\/\",\"name\":\"Aviso Legal - CHIC-KLES\",\"isPartOf\":{\"@id\":\"https:\\\/\\\/chic-kles.com\\\/#website\"},\"datePublished\":\"2024-05-17T11:21:20+00:00\",\"dateModified\":\"2024-10-07T16:51:24+00:00\",\"breadcrumb\":{\"@id\":\"https:\\\/\\\/chic-kles.com\\\/pt-pt\\\/aviso-legal\\\/#breadcrumb\"},\"inLanguage\":\"pt-PT\",\"potentialAction\":[{\"@type\":\"ReadAction\",\"target\":[\"https:\\\/\\\/chic-kles.com\\\/pt-pt\\\/aviso-legal\\\/\"]}]},{\"@type\":\"BreadcrumbList\",\"@id\":\"https:\\\/\\\/chic-kles.com\\\/pt-pt\\\/aviso-legal\\\/#breadcrumb\",\"itemListElement\":[{\"@type\":\"ListItem\",\"position\":1,\"name\":\"Portada\",\"item\":\"https:\\\/\\\/chic-kles.com\\\/pt-pt\\\/\"},{\"@type\":\"ListItem\",\"position\":2,\"name\":\"Aviso Legal\"}]},{\"@type\":\"WebSite\",\"@id\":\"https:\\\/\\\/chic-kles.com\\\/#website\",\"url\":\"https:\\\/\\\/chic-kles.com\\\/\",\"name\":\"Chic\u00b7Kles\",\"description\":\"\",\"publisher\":{\"@id\":\"https:\\\/\\\/chic-kles.com\\\/#organization\"},\"potentialAction\":[{\"@type\":\"SearchAction\",\"target\":{\"@type\":\"EntryPoint\",\"urlTemplate\":\"https:\\\/\\\/chic-kles.com\\\/?s={search_term_string}\"},\"query-input\":{\"@type\":\"PropertyValueSpecification\",\"valueRequired\":true,\"valueName\":\"search_term_string\"}}],\"inLanguage\":\"pt-PT\"},{\"@type\":\"Organization\",\"@id\":\"https:\\\/\\\/chic-kles.com\\\/#organization\",\"name\":\"Chic\u00b7Kles\",\"url\":\"https:\\\/\\\/chic-kles.com\\\/\",\"logo\":{\"@type\":\"ImageObject\",\"inLanguage\":\"pt-PT\",\"@id\":\"https:\\\/\\\/chic-kles.com\\\/#\\\/schema\\\/logo\\\/image\\\/\",\"url\":\"https:\\\/\\\/chic-kles.com\\\/wp-content\\\/uploads\\\/2024\\\/05\\\/Logo-marca-CHIKLES.png\",\"contentUrl\":\"https:\\\/\\\/chic-kles.com\\\/wp-content\\\/uploads\\\/2024\\\/05\\\/Logo-marca-CHIKLES.png\",\"width\":816,\"height\":663,\"caption\":\"Chic\u00b7Kles\"},\"image\":{\"@id\":\"https:\\\/\\\/chic-kles.com\\\/#\\\/schema\\\/logo\\\/image\\\/\"}}]}<\/script>\n<!-- \/ Yoast SEO plugin. -->","yoast_head_json":{"title":"Aviso Legal - CHIC-KLES","robots":{"index":"index","follow":"follow","max-snippet":"max-snippet:-1","max-image-preview":"max-image-preview:large","max-video-preview":"max-video-preview:-1"},"canonical":"https:\/\/chic-kles.com\/pt-pt\/aviso-legal\/","og_locale":"pt_PT","og_type":"article","og_title":"Aviso Legal - CHIC-KLES","og_description":"[vc_row type=&#8221;in_container&#8221; full_screen_row_position=&#8221;middle&#8221; column_margin=&#8221;default&#8221; column_direction=&#8221;default&#8221; column_direction_tablet=&#8221;default&#8221; column_direction_phone=&#8221;default&#8221; scene_position=&#8221;center&#8221; text_color=&#8221;dark&#8221; text_align=&#8221;left&#8221; row_border_radius=&#8221;none&#8221; row_border_radius_applies=&#8221;bg&#8221; overflow=&#8221;visible&#8221; overlay_strength=&#8221;0.3&#8243; gradient_direction=&#8221;left_to_right&#8221; shape_divider_position=&#8221;bottom&#8221; bg_image_animation=&#8221;none&#8221;][vc_column column_padding=&#8221;no-extra-padding&#8221; column_padding_tablet=&#8221;inherit&#8221; column_padding_phone=&#8221;inherit&#8221; column_padding_position=&#8221;all&#8221; column_element_direction_desktop=&#8221;default&#8221; column_element_spacing=&#8221;default&#8221; desktop_text_alignment=&#8221;default&#8221; tablet_text_alignment=&#8221;default&#8221; phone_text_alignment=&#8221;default&#8221; background_color_opacity=&#8221;1&#8243; background_hover_color_opacity=&#8221;1&#8243; column_backdrop_filter=&#8221;none&#8221; column_shadow=&#8221;none&#8221;...","og_url":"https:\/\/chic-kles.com\/pt-pt\/aviso-legal\/","og_site_name":"CHIC-KLES","article_modified_time":"2024-10-07T16:51:24+00:00","twitter_card":"summary_large_image","twitter_misc":{"Tempo estimado de leitura":"4 minutos"},"schema":{"@context":"https:\/\/schema.org","@graph":[{"@type":"WebPage","@id":"https:\/\/chic-kles.com\/pt-pt\/aviso-legal\/","url":"https:\/\/chic-kles.com\/pt-pt\/aviso-legal\/","name":"Aviso Legal - CHIC-KLES","isPartOf":{"@id":"https:\/\/chic-kles.com\/#website"},"datePublished":"2024-05-17T11:21:20+00:00","dateModified":"2024-10-07T16:51:24+00:00","breadcrumb":{"@id":"https:\/\/chic-kles.com\/pt-pt\/aviso-legal\/#breadcrumb"},"inLanguage":"pt-PT","potentialAction":[{"@type":"ReadAction","target":["https:\/\/chic-kles.com\/pt-pt\/aviso-legal\/"]}]},{"@type":"BreadcrumbList","@id":"https:\/\/chic-kles.com\/pt-pt\/aviso-legal\/#breadcrumb","itemListElement":[{"@type":"ListItem","position":1,"name":"Portada","item":"https:\/\/chic-kles.com\/pt-pt\/"},{"@type":"ListItem","position":2,"name":"Aviso Legal"}]},{"@type":"WebSite","@id":"https:\/\/chic-kles.com\/#website","url":"https:\/\/chic-kles.com\/","name":"Chic\u00b7Kles","description":"","publisher":{"@id":"https:\/\/chic-kles.com\/#organization"},"potentialAction":[{"@type":"SearchAction","target":{"@type":"EntryPoint","urlTemplate":"https:\/\/chic-kles.com\/?s={search_term_string}"},"query-input":{"@type":"PropertyValueSpecification","valueRequired":true,"valueName":"search_term_string"}}],"inLanguage":"pt-PT"},{"@type":"Organization","@id":"https:\/\/chic-kles.com\/#organization","name":"Chic\u00b7Kles","url":"https:\/\/chic-kles.com\/","logo":{"@type":"ImageObject","inLanguage":"pt-PT","@id":"https:\/\/chic-kles.com\/#\/schema\/logo\/image\/","url":"https:\/\/chic-kles.com\/wp-content\/uploads\/2024\/05\/Logo-marca-CHIKLES.png","contentUrl":"https:\/\/chic-kles.com\/wp-content\/uploads\/2024\/05\/Logo-marca-CHIKLES.png","width":816,"height":663,"caption":"Chic\u00b7Kles"},"image":{"@id":"https:\/\/chic-kles.com\/#\/schema\/logo\/image\/"}}]}},"_links":{"self":[{"href":"https:\/\/chic-kles.com\/pt-pt\/wp-json\/wp\/v2\/pages\/1062","targetHints":{"allow":["GET"]}}],"collection":[{"href":"https:\/\/chic-kles.com\/pt-pt\/wp-json\/wp\/v2\/pages"}],"about":[{"href":"https:\/\/chic-kles.com\/pt-pt\/wp-json\/wp\/v2\/types\/page"}],"author":[{"embeddable":true,"href":"https:\/\/chic-kles.com\/pt-pt\/wp-json\/wp\/v2\/users\/3"}],"replies":[{"embeddable":true,"href":"https:\/\/chic-kles.com\/pt-pt\/wp-json\/wp\/v2\/comments?post=1062"}],"version-history":[{"count":4,"href":"https:\/\/chic-kles.com\/pt-pt\/wp-json\/wp\/v2\/pages\/1062\/revisions"}],"predecessor-version":[{"id":1311,"href":"https:\/\/chic-kles.com\/pt-pt\/wp-json\/wp\/v2\/pages\/1062\/revisions\/1311"}],"wp:attachment":[{"href":"https:\/\/chic-kles.com\/pt-pt\/wp-json\/wp\/v2\/media?parent=1062"}],"curies":[{"name":"wp","href":"https:\/\/api.w.org\/{rel}","templated":true}]}}